{"id":697,"date":"2026-02-20T16:16:19","date_gmt":"2026-02-20T16:16:19","guid":{"rendered":"https:\/\/aliwebsites.com\/recreio\/?page_id=697"},"modified":"2026-02-20T17:21:00","modified_gmt":"2026-02-20T17:21:00","slug":"matriculas","status":"publish","type":"page","link":"https:\/\/aliwebsites.com\/recreio\/matriculas\/","title":{"rendered":"Matr\u00edculas"},"content":{"rendered":"\t\t<div data-elementor-type=\"wp-page\" data-elementor-id=\"697\" class=\"elementor elementor-697\" data-elementor-post-type=\"page\">\n\t\t\t\t<header class=\"elementor-element elementor-element-eea752a e-flex e-con-boxed e-con e-parent\" data-id=\"eea752a\" data-element_type=\"container\" data-e-type=\"container\" data-settings=\"{&quot;background_background&quot;:&quot;classic&quot;,&quot;shape_divider_bottom&quot;:&quot;mountains&quot;}\">\n\t\t\t\t\t<div class=\"e-con-inner\">\n\t\t\t\t<div class=\"elementor-shape elementor-shape-bottom\" aria-hidden=\"true\" data-negative=\"false\">\n\t\t\t<svg xmlns=\"http:\/\/www.w3.org\/2000\/svg\" viewBox=\"0 0 1000 100\" preserveAspectRatio=\"none\">\n\t<path class=\"elementor-shape-fill\" opacity=\"0.33\" d=\"M473,67.3c-203.9,88.3-263.1-34-320.3,0C66,119.1,0,59.7,0,59.7V0h1000v59.7 c0,0-62.1,26.1-94.9,29.3c-32.8,3.3-62.8-12.3-75.8-22.1C806,49.6,745.3,8.7,694.9,4.7S492.4,59,473,67.3z\"\/>\n\t<path class=\"elementor-shape-fill\" opacity=\"0.66\" d=\"M734,67.3c-45.5,0-77.2-23.2-129.1-39.1c-28.6-8.7-150.3-10.1-254,39.1 s-91.7-34.4-149.2,0C115.7,118.3,0,39.8,0,39.8V0h1000v36.5c0,0-28.2-18.5-92.1-18.5C810.2,18.1,775.7,67.3,734,67.3z\"\/>\n\t<path class=\"elementor-shape-fill\" d=\"M766.1,28.9c-200-57.5-266,65.5-395.1,19.5C242,1.8,242,5.4,184.8,20.6C128,35.8,132.3,44.9,89.9,52.5C28.6,63.7,0,0,0,0 h1000c0,0-9.9,40.9-83.6,48.1S829.6,47,766.1,28.9z\"\/>\n<\/svg>\t\t<\/div>\n\t\t<div class=\"elementor-element elementor-element-03de2ae e-con-full e-flex e-con e-child\" data-id=\"03de2ae\" data-element_type=\"container\" data-e-type=\"container\">\n\t\t\t\t<div class=\"elementor-element elementor-element-8eadfdf elementor-widget elementor-widget-heading\" data-id=\"8eadfdf\" data-element_type=\"widget\" data-e-type=\"widget\" data-widget_type=\"heading.default\">\n\t\t\t\t<div class=\"elementor-widget-container\">\n\t\t\t\t\t<h2 class=\"elementor-heading-title elementor-size-default\">Matr\u00edculas<\/h2>\t\t\t\t<\/div>\n\t\t\t\t<\/div>\n\t\t\t\t<\/div>\n\t\t\t\t\t<\/div>\n\t\t\t\t<\/header>\n\t\t<section class=\"elementor-element elementor-element-5b65f14 e-flex e-con-boxed e-con e-parent\" data-id=\"5b65f14\" data-element_type=\"container\" data-e-type=\"container\">\n\t\t\t\t\t<div class=\"e-con-inner\">\n\t\t<div class=\"elementor-element elementor-element-1fdf991 e-con-full e-flex e-con e-child\" data-id=\"1fdf991\" data-element_type=\"container\" data-e-type=\"container\">\n\t\t\t\t<div class=\"elementor-element elementor-element-42d9ce4 elementor-widget elementor-widget-text-editor\" data-id=\"42d9ce4\" data-element_type=\"widget\" data-e-type=\"widget\" data-widget_type=\"text-editor.default\">\n\t\t\t\t<div class=\"elementor-widget-container\">\n\t\t\t\t\t\t\t\t\tClique no bot\u00e3o abaixo para preencher o formul\u00e1rio online de matr\u00edcula.\t\t\t\t\t\t\t\t<\/div>\n\t\t\t\t<\/div>\n\t\t\t\t<div class=\"elementor-element elementor-element-afb91a9 elementor-widget elementor-widget-button\" data-id=\"afb91a9\" data-element_type=\"widget\" data-e-type=\"widget\" data-widget_type=\"button.default\">\n\t\t\t\t<div class=\"elementor-widget-container\">\n\t\t\t\t\t\t\t\t\t<div class=\"elementor-button-wrapper\">\n\t\t\t\t\t<a class=\"elementor-button elementor-button-link elementor-size-sm\" href=\"https:\/\/siga.activesoft.com.br\/ficha_inscricao_novatos\/?instituicao=RECREIOCENTRO\">\n\t\t\t\t\t\t<span class=\"elementor-button-content-wrapper\">\n\t\t\t\t\t\t\t\t\t<span class=\"elementor-button-text\">Formul\u00e1rio de Matr\u00edcula<\/span>\n\t\t\t\t\t<\/span>\n\t\t\t\t\t<\/a>\n\t\t\t\t<\/div>\n\t\t\t\t\t\t\t\t<\/div>\n\t\t\t\t<\/div>\n\t\t\t\t<div class=\"elementor-element elementor-element-63efac9 elementor-widget elementor-widget-spacer\" data-id=\"63efac9\" data-element_type=\"widget\" data-e-type=\"widget\" data-widget_type=\"spacer.default\">\n\t\t\t\t<div class=\"elementor-widget-container\">\n\t\t\t\t\t\t\t<div class=\"elementor-spacer\">\n\t\t\t<div class=\"elementor-spacer-inner\"><\/div>\n\t\t<\/div>\n\t\t\t\t\t\t<\/div>\n\t\t\t\t<\/div>\n\t\t\t\t<div class=\"elementor-element elementor-element-4c4b19d elementor-widget elementor-widget-text-editor\" data-id=\"4c4b19d\" data-element_type=\"widget\" data-e-type=\"widget\" data-widget_type=\"text-editor.default\">\n\t\t\t\t<div class=\"elementor-widget-container\">\n\t\t\t\t\t\t\t\t\t<p><strong>Documentos necess\u00e1rios:<\/strong><\/p><p>\u2022 Certid\u00e3o de nascimento (digitalizada).<\/p><p>\u2022 Comprovante de resid\u00eancia (digitalizado).<\/p><p>\u2022 Declara\u00e7\u00e3o de quita\u00e7\u00e3o anual de d\u00e9bitos e registro de percurso escolar da escola anterior, se for o caso (digitalizada).<\/p><p>\u2022 1 foto 3&#215;4 da crian\u00e7a.<\/p>\t\t\t\t\t\t\t\t<\/div>\n\t\t\t\t<\/div>\n\t\t\t\t<div class=\"elementor-element elementor-element-2544c13 elementor-widget elementor-widget-text-editor\" data-id=\"2544c13\" data-element_type=\"widget\" data-e-type=\"widget\" data-widget_type=\"text-editor.default\">\n\t\t\t\t<div class=\"elementor-widget-container\">\n\t\t\t\t\t\t\t\t\t<strong>Outras informa\u00e7\u00f5es:<\/strong>\t\t\t\t\t\t\t\t<\/div>\n\t\t\t\t<\/div>\n\t\t\t\t<div class=\"elementor-element elementor-element-b7f317b elementor-widget elementor-widget-button\" data-id=\"b7f317b\" data-element_type=\"widget\" data-e-type=\"widget\" data-widget_type=\"button.default\">\n\t\t\t\t<div class=\"elementor-widget-container\">\n\t\t\t\t\t\t\t\t\t<div class=\"elementor-button-wrapper\">\n\t\t\t\t\t<a class=\"elementor-button elementor-button-link elementor-size-sm\" href=\"https:\/\/wa.me\/5531999414655\">\n\t\t\t\t\t\t<span class=\"elementor-button-content-wrapper\">\n\t\t\t\t\t\t\t\t\t<span class=\"elementor-button-text\">Fale conosco no WhatsApp<\/span>\n\t\t\t\t\t<\/span>\n\t\t\t\t\t<\/a>\n\t\t\t\t<\/div>\n\t\t\t\t\t\t\t\t<\/div>\n\t\t\t\t<\/div>\n\t\t\t\t<\/div>\n\t\t<div class=\"elementor-element elementor-element-e1f8f1a e-con-full e-flex e-con e-child\" data-id=\"e1f8f1a\" data-element_type=\"container\" data-e-type=\"container\">\n\t\t\t\t<div class=\"elementor-element elementor-element-ebb4a75 elementor-widget elementor-widget-image\" data-id=\"ebb4a75\" data-element_type=\"widget\" data-e-type=\"widget\" data-widget_type=\"image.default\">\n\t\t\t\t<div class=\"elementor-widget-container\">\n\t\t\t\t\t\t\t\t\t\t\t\t\t\t\t<img fetchpriority=\"high\" decoding=\"async\" width=\"1283\" height=\"1600\" src=\"https:\/\/aliwebsites.com\/recreio\/wp-content\/uploads\/2026\/02\/matricula.jpeg\" class=\"attachment-full size-full wp-image-709\" alt=\"\" srcset=\"https:\/\/aliwebsites.com\/recreio\/wp-content\/uploads\/2026\/02\/matricula.jpeg 1283w, https:\/\/aliwebsites.com\/recreio\/wp-content\/uploads\/2026\/02\/matricula-241x300.jpeg 241w, https:\/\/aliwebsites.com\/recreio\/wp-content\/uploads\/2026\/02\/matricula-821x1024.jpeg 821w, https:\/\/aliwebsites.com\/recreio\/wp-content\/uploads\/2026\/02\/matricula-768x958.jpeg 768w, https:\/\/aliwebsites.com\/recreio\/wp-content\/uploads\/2026\/02\/matricula-1232x1536.jpeg 1232w\" sizes=\"(max-width: 1283px) 100vw, 1283px\" \/>\t\t\t\t\t\t\t\t\t\t\t\t\t\t\t<\/div>\n\t\t\t\t<\/div>\n\t\t\t\t<\/div>\n\t\t\t\t\t<\/div>\n\t\t\t\t<\/section>\n\t\t<div class=\"elementor-element elementor-element-d3d13c3 e-flex e-con-boxed e-con e-parent\" data-id=\"d3d13c3\" data-element_type=\"container\" data-e-type=\"container\">\n\t\t\t\t\t<div class=\"e-con-inner\">\n\t\t\t\t<div class=\"elementor-element elementor-element-53e890e elementor-widget elementor-widget-spacer\" data-id=\"53e890e\" data-element_type=\"widget\" data-e-type=\"widget\" data-widget_type=\"spacer.default\">\n\t\t\t\t<div class=\"elementor-widget-container\">\n\t\t\t\t\t\t\t<div class=\"elementor-spacer\">\n\t\t\t<div class=\"elementor-spacer-inner\"><\/div>\n\t\t<\/div>\n\t\t\t\t\t\t<\/div>\n\t\t\t\t<\/div>\n\t\t\t\t\t<\/div>\n\t\t\t\t<\/div>\n\t\t\t\t<\/div>\n\t\t","protected":false},"excerpt":{"rendered":"<p>Clique no bot\u00e3o abaixo para preencher o formul\u00e1rio online de matr\u00edcula. Formul\u00e1rio de Matr\u00edcula Documentos necess\u00e1rios: \u2022 Certid\u00e3o de nascimento (digitalizada). \u2022 Comprovante de resid\u00eancia (digitalizado). \u2022 Declara\u00e7\u00e3o de quita\u00e7\u00e3o anual de d\u00e9bitos e registro de percurso escolar da escola anterior, se for o caso (digitalizada). \u2022 1 foto 3&#215;4 da crian\u00e7a. Outras informa\u00e7\u00f5es: Fale [&hellip;]<\/p>\n","protected":false},"author":1,"featured_media":0,"parent":0,"menu_order":0,"comment_status":"closed","ping_status":"closed","template":"","meta":{"footnotes":""},"class_list":["post-697","page","type-page","status-publish","hentry"],"_links":{"self":[{"href":"https:\/\/aliwebsites.com\/recreio\/wp-json\/wp\/v2\/pages\/697","targetHints":{"allow":["GET"]}}],"collection":[{"href":"https:\/\/aliwebsites.com\/recreio\/wp-json\/wp\/v2\/pages"}],"about":[{"href":"https:\/\/aliwebsites.com\/recreio\/wp-json\/wp\/v2\/types\/page"}],"author":[{"embeddable":true,"href":"https:\/\/aliwebsites.com\/recreio\/wp-json\/wp\/v2\/users\/1"}],"replies":[{"embeddable":true,"href":"https:\/\/aliwebsites.com\/recreio\/wp-json\/wp\/v2\/comments?post=697"}],"version-history":[{"count":10,"href":"https:\/\/aliwebsites.com\/recreio\/wp-json\/wp\/v2\/pages\/697\/revisions"}],"predecessor-version":[{"id":725,"href":"https:\/\/aliwebsites.com\/recreio\/wp-json\/wp\/v2\/pages\/697\/revisions\/725"}],"wp:attachment":[{"href":"https:\/\/aliwebsites.com\/recreio\/wp-json\/wp\/v2\/media?parent=697"}],"curies":[{"name":"wp","href":"https:\/\/api.w.org\/{rel}","templated":true}]}}